{"id":977,"date":"2021-12-27T14:29:37","date_gmt":"2021-12-27T14:29:37","guid":{"rendered":"https:\/\/halvto.dk\/?page_id=977"},"modified":"2022-12-08T10:19:53","modified_gmt":"2022-12-08T10:19:53","slug":"test2","status":"publish","type":"page","link":"https:\/\/halvto.dk\/index.php\/test2\/","title":{"rendered":"test2"},"content":{"rendered":"<div id=\"pl-977\"  class=\"panel-layout\" ><div id=\"pg-977-0\"  class=\"panel-grid panel-has-style\" ><div class=\"siteorigin-panels-stretch panel-row-style panel-row-style-for-977-0\" data-stretch-type=\"full\" ><div id=\"pgc-977-0-0\"  class=\"panel-grid-cell\" ><div id=\"panel-977-0-0-0\" class=\"so-panel widget widget_sow-editor panel-first-child panel-last-child\" data-index=\"0\" ><div class=\"panel-widget-style panel-widget-style-for-977-0-0-0\" ><div\n\t\t\t\n\t\t\tclass=\"so-widget-sow-editor so-widget-sow-editor-base\"\n\t\t\t\n\t\t>\n<div class=\"siteorigin-widget-tinymce textwidget\">\n\t<\/div>\n<\/div><\/div><\/div><\/div><\/div><\/div><div id=\"pg-977-1\"  class=\"panel-grid panel-no-style\" ><div id=\"pgc-977-1-0\"  class=\"panel-grid-cell panel-grid-cell-mobile-last\" ><div id=\"panel-977-1-0-0\" class=\"so-panel widget widget_sow-editor panel-first-child panel-last-child\" data-index=\"1\" ><div\n\t\t\t\n\t\t\tclass=\"so-widget-sow-editor so-widget-sow-editor-base\"\n\t\t\t\n\t\t>\n<div class=\"siteorigin-widget-tinymce textwidget\">\n\t<p>dette er en test<\/p>\n<\/div>\n<\/div><\/div><\/div><div id=\"pgc-977-1-1\"  class=\"panel-grid-cell panel-grid-cell-empty\" ><\/div><\/div><div id=\"pg-977-2\"  class=\"panel-grid panel-no-style\" ><div id=\"pgc-977-2-0\"  class=\"panel-grid-cell\" ><div id=\"panel-977-2-0-0\" class=\"so-panel widget widget_sow-editor panel-first-child panel-last-child\" data-index=\"2\" ><div\n\t\t\t\n\t\t\tclass=\"so-widget-sow-editor so-widget-sow-editor-base\"\n\t\t\t\n\t\t>\n<div class=\"siteorigin-widget-tinymce textwidget\">\n\t<p>dette inds\u00e6tter pdf-fil<\/p>\n<a href=\"https:\/\/halvto.dk\/wp-content\/uploads\/2023\/04\/Vinterspilleplan_2023_2024.pdf\" class=\"pdfemb-viewer\" style=\"\" data-width=\"max\" data-height=\"max\" data-toolbar=\"bottom\" data-toolbar-fixed=\"off\">Vinterspilleplan 2021_2022<\/a>\n<p>&nbsp;<\/p>\n<\/div>\n<\/div><\/div><\/div><div id=\"pgc-977-2-1\"  class=\"panel-grid-cell\" ><div id=\"panel-977-2-1-0\" class=\"so-panel widget widget_sow-editor panel-first-child panel-last-child\" data-index=\"3\" ><div class=\"panel-widget-style panel-widget-style-for-977-2-1-0\" ><div\n\t\t\t\n\t\t\tclass=\"so-widget-sow-editor so-widget-sow-editor-base\"\n\t\t\t\n\t\t>\n<div class=\"siteorigin-widget-tinymce textwidget\">\n\t<p>&nbsp;<\/p>\n<p>&nbsp;<\/p>\n<p>&nbsp;<\/p>\n<p>&nbsp;<\/p>\n<p>&nbsp;<\/p>\n<p>&nbsp;<\/p>\n<p>&nbsp;<\/p>\n<p>&nbsp;<\/p>\n<p>&nbsp;<\/p>\n<p>&nbsp;<\/p>\n<p>&nbsp;<\/p>\n<p>&nbsp;<\/p>\n<\/div>\n<\/div><\/div><\/div><\/div><\/div><div id=\"pg-977-3\"  class=\"panel-grid panel-no-style\" ><div id=\"pgc-977-3-0\"  class=\"panel-grid-cell\" ><div id=\"panel-977-3-0-0\" class=\"so-panel widget widget_nav_menu panel-first-child panel-last-child\" data-index=\"4\" ><div class=\"panel-widget-style panel-widget-style-for-977-3-0-0\" ><h3 class=\"widget-title\">test<\/h3><div class=\"menu-primaer-menu-container\"><ul id=\"menu-primaer-menu\" class=\"menu\"><li id=\"menu-item-219\" class=\"menu-item menu-item-type-post_type menu-item-object-page menu-item-home menu-item-219\"><a href=\"https:\/\/halvto.dk\/\">Forside<\/a><\/li>\n<li id=\"menu-item-333\" class=\"menu-item menu-item-type-post_type menu-item-object-page menu-item-333\"><a href=\"https:\/\/halvto.dk\/index.php\/sidste-nyt\/\">Sidste nyt<\/a><\/li>\n<li id=\"menu-item-283\" class=\"menu-item menu-item-type-post_type menu-item-object-page menu-item-283\"><a href=\"https:\/\/halvto.dk\/index.php\/medlemmer\/\">Medlemmer<\/a><\/li>\n<li id=\"menu-item-363\" class=\"menu-item menu-item-type-post_type menu-item-object-page menu-item-363\"><a href=\"https:\/\/halvto.dk\/index.php\/turneringsresultater\/\">Turneringsresultater<\/a><\/li>\n<li id=\"menu-item-381\" class=\"menu-item menu-item-type-post_type menu-item-object-page menu-item-381\"><a href=\"https:\/\/halvto.dk\/index.php\/gallerier\/\">Gallerier<\/a><\/li>\n<li id=\"menu-item-385\" class=\"menu-item menu-item-type-post_type menu-item-object-page menu-item-385\"><a href=\"https:\/\/halvto.dk\/index.php\/arkiver\/\">Arkiver<\/a><\/li>\n<li id=\"menu-item-1068\" class=\"menu-item menu-item-type-post_type menu-item-object-page menu-item-1068\"><a href=\"https:\/\/halvto.dk\/index.php\/kontakt\/\">Kontakt<\/a><\/li>\n<\/ul><\/div><\/div><\/div><\/div><div id=\"pgc-977-3-1\"  class=\"panel-grid-cell\" ><div id=\"panel-977-3-1-0\" class=\"so-panel widget widget_sow-editor panel-first-child panel-last-child\" data-index=\"5\" ><div\n\t\t\t\n\t\t\tclass=\"so-widget-sow-editor so-widget-sow-editor-base\"\n\t\t\t\n\t\t>\n<div class=\"siteorigin-widget-tinymce textwidget\">\n\t<div>\n<p><span style=\"font-size: 12pt;\">Har du lyst til at deltage i vores spil og samv\u00e6r er du hjertelig velkommen.<\/span><\/p>\n<p><span style=\"font-size: 12pt;\">Alle piger, der er fyldt 21 \u00e5r, er medlem af Kaj Lykke Golfklub og har max. 48 slag kan deltage.<\/span><\/p>\n<p><span style=\"font-size: 12pt;\">Vi har pt. en enkelt p\u00e5 venteliste, men du er meget velkommen til at henvende dig til et bestyrelsesmedlem og forh\u00f8re n\u00e6rmere.<\/span><\/p>\n<\/div>\n<div><span style=\"font-size: 12pt;\">Du er ogs\u00e5 meget velkommen til at v\u00e6re med som g\u00e6stespiller.\u00a0<\/span><\/div>\n<div>\n<p><span style=\"font-size: 14pt;\"><strong><span style=\"font-family: arial, helvetica, sans-serif;\">Har du lyst til at deltage i vores spil og samv\u00e6r er du hjertelig velkommen.<\/span><\/strong><\/span><\/p>\n<p><span style=\"font-size: 14pt;\"><strong><span style=\"font-family: arial, helvetica, sans-serif;\">Alle piger, der er fyldt 21 \u00e5r, er medlem af Kaj Lykke Golfklub og har max. 48 slag kan deltage.<\/span><\/strong><\/span><\/p>\n<p><span style=\"font-size: 14pt;\"><strong><span style=\"font-family: arial, helvetica, sans-serif;\">Vi har pt. en enkelt p\u00e5 venteliste, men du er meget velkommen til at henvende dig til et bestyrelsesmedlem og forh\u00f8re n\u00e6rmere.<\/span><\/strong><\/span><\/p>\n<p><span style=\"font-size: 14pt;\"><strong><span style=\"font-family: arial, helvetica, sans-serif;\">Du er ogs\u00e5 meget velkommen til at v\u00e6re med som g\u00e6stespiller.<\/span><\/strong><\/span><\/p>\n<\/div>\n<div><\/div>\n<\/div>\n<\/div><\/div><\/div><\/div><\/div>","protected":false},"excerpt":{"rendered":"<p>dette er en test<\/p>\n","protected":false},"author":1,"featured_media":0,"parent":0,"menu_order":0,"comment_status":"closed","ping_status":"closed","template":"","meta":{"footnotes":""},"class_list":["post-977","page","type-page","status-publish","hentry","post"],"_links":{"self":[{"href":"https:\/\/halvto.dk\/index.php\/wp-json\/wp\/v2\/pages\/977","targetHints":{"allow":["GET"]}}],"collection":[{"href":"https:\/\/halvto.dk\/index.php\/wp-json\/wp\/v2\/pages"}],"about":[{"href":"https:\/\/halvto.dk\/index.php\/wp-json\/wp\/v2\/types\/page"}],"author":[{"embeddable":true,"href":"https:\/\/halvto.dk\/index.php\/wp-json\/wp\/v2\/users\/1"}],"replies":[{"embeddable":true,"href":"https:\/\/halvto.dk\/index.php\/wp-json\/wp\/v2\/comments?post=977"}],"version-history":[{"count":0,"href":"https:\/\/halvto.dk\/index.php\/wp-json\/wp\/v2\/pages\/977\/revisions"}],"wp:attachment":[{"href":"https:\/\/halvto.dk\/index.php\/wp-json\/wp\/v2\/media?parent=977"}],"curies":[{"name":"wp","href":"https:\/\/api.w.org\/{rel}","templated":true}]}}