{"id":207,"date":"2021-12-10T18:53:04","date_gmt":"2021-12-10T18:53:04","guid":{"rendered":"https:\/\/halvto.dk\/index.php\/forside-2\/"},"modified":"2026-04-02T14:36:08","modified_gmt":"2026-04-02T14:36:08","slug":"forside-2","status":"publish","type":"page","link":"https:\/\/halvto.dk\/","title":{"rendered":"Forside"},"content":{"rendered":"<div id=\"pl-207\"  class=\"panel-layout\" ><div id=\"pg-207-0\"  class=\"panel-grid panel-no-style\" ><div id=\"pgc-207-0-0\"  class=\"panel-grid-cell\" ><div id=\"panel-207-0-0-0\" class=\"so-panel widget widget_sow-editor panel-first-child panel-last-child\" data-index=\"0\" ><div\n\t\t\t\n\t\t\tclass=\"so-widget-sow-editor so-widget-sow-editor-base\"\n\t\t\t\n\t\t>\n<div class=\"siteorigin-widget-tinymce textwidget\">\n\t<p><span style=\"font-size: 18pt; color: #008080;\"><strong><span class=\"so-premium-web-font\" style=\"font-family: Raleway;\" data-web-font-module=\"google\" data-font-info=\"{&quot;font&quot;:&quot;Raleway&quot;,&quot;webfont&quot;:true,&quot;variant&quot;:null,&quot;module&quot;:&quot;google&quot;}\">Golf er sporten, som kombinerer sportslige\u00a0udfordringer, naturoplevelser, motion, socialt samv\u00e6r og nye gode venner.<\/span><\/strong><\/span><\/p>\n<\/div>\n<\/div><\/div><\/div><\/div><div id=\"pg-207-1\"  class=\"panel-grid panel-no-style\" ><div id=\"pgc-207-1-0\"  class=\"panel-grid-cell\" ><div id=\"panel-207-1-0-0\" class=\"so-panel widget widget_sow-editor panel-first-child panel-last-child\" data-index=\"1\" ><div\n\t\t\t\n\t\t\tclass=\"so-widget-sow-editor so-widget-sow-editor-base\"\n\t\t\t\n\t\t>\n<div class=\"siteorigin-widget-tinymce textwidget\">\n\t<p><strong><span style=\"font-family: arial, helvetica, sans-serif; font-size: 24pt;\">Hvem er vi?<\/span><\/strong><\/p>\n<p><span style=\"font-size: 12pt;\"><strong><span style=\"font-family: arial, helvetica, sans-serif;\"><span class=\"so-premium-web-font\" data-web-font-module=\"google\" data-font-info=\"{&quot;font&quot;:&quot;Raleway&quot;,&quot;webfont&quot;:true,&quot;variant&quot;:null,&quot;module&quot;:&quot;google&quot;}\">1\/2 to pigerne er en flok golfglade piger, som hver tirsdag \u00e5ret igennem spiller en golfrunde med efterf\u00f8lgende hyggeligt samv\u00e6r.<\/span><\/span><\/strong><\/span><\/p>\n<p><span style=\"font-size: 12pt;\"><strong><span style=\"font-family: arial, helvetica, sans-serif;\"><span class=\"so-premium-web-font\" data-web-font-module=\"google\" data-font-info=\"{&quot;font&quot;:&quot;Raleway&quot;,&quot;webfont&quot;:true,&quot;variant&quot;:null,&quot;module&quot;:&quot;google&quot;}\">I sommertiden er starttidspunktet 13.30 med m\u00f8detid 13.15. I vintertiden er m\u00f8detiden 15 min. f\u00f8r det starttidspunkt i golfboks, som er reserveret til \u00bd to pigerne.<\/span><\/span><\/strong><\/span><\/p>\n<p><span style=\"font-size: 12pt;\"><strong><span style=\"font-family: arial, helvetica, sans-serif;\"><span class=\"so-premium-web-font\" data-web-font-module=\"google\" data-font-info=\"{&quot;font&quot;:&quot;Raleway&quot;,&quot;webfont&quot;:true,&quot;variant&quot;:null,&quot;module&quot;:&quot;google&quot;}\">Tilmelding til tirsdagens runde sker ved tilmelding i golfboks i henhold til de af KLG fastsatte regler.<\/span><\/span><\/strong><\/span><\/p>\n<\/div>\n<\/div><\/div><\/div><div id=\"pgc-207-1-1\"  class=\"panel-grid-cell\" ><div id=\"panel-207-1-1-0\" class=\"so-panel widget widget_sow-editor panel-first-child panel-last-child\" data-index=\"2\" ><div\n\t\t\t\n\t\t\tclass=\"so-widget-sow-editor so-widget-sow-editor-base\"\n\t\t\t\n\t\t>\n<div class=\"siteorigin-widget-tinymce textwidget\">\n\t<p><span style=\"font-family: arial, helvetica, sans-serif; font-size: 24pt;\"><strong>Nye medlemmer<\/strong><\/span><\/p>\n<p><span style=\"font-family: arial, helvetica, sans-serif; font-size: 12pt;\"><strong>Har du lyst til at deltage i vores spil og samv\u00e6r er du hjertelig velkommen.<\/strong><\/span><\/p>\n<p><span style=\"font-family: arial, helvetica, sans-serif; font-size: 12pt;\"><strong>Alle piger, der er fyldt 21 \u00e5r, er medlem af Kaj Lykke Golfklub og har max. 48 slag kan deltage.<\/strong><\/span><\/p>\n<p><span style=\"font-family: arial, helvetica, sans-serif; font-size: 12pt;\"><strong>Vi har ingen venteliste, og du er meget velkommen til at forh\u00f8re dig hos formanden om der er plads.<\/strong><\/span><\/p>\n<p><span style=\"font-family: arial, helvetica, sans-serif; font-size: 12pt;\"><strong>Du er ogs\u00e5 meget velkommen til at v\u00e6re med som g\u00e6stespiller.<\/strong><\/span><\/p>\n<\/div>\n<\/div><\/div><\/div><div id=\"pgc-207-1-2\"  class=\"panel-grid-cell\" ><div id=\"panel-207-1-2-0\" class=\"so-panel widget widget_sow-editor panel-first-child panel-last-child\" data-index=\"3\" ><div\n\t\t\t\n\t\t\tclass=\"so-widget-sow-editor so-widget-sow-editor-base\"\n\t\t\t\n\t\t>\n<div class=\"siteorigin-widget-tinymce textwidget\">\n\t<p><span style=\"font-size: 24pt;\"><strong><span style=\"font-family: arial, helvetica, sans-serif;\">Bestyrelsen<\/span><\/strong><\/span><\/p>\n<p><span style=\"font-size: 12pt;\"><strong><span style=\"font-family: arial, helvetica, sans-serif;\">Formand:<\/span><\/strong><\/span><br \/>\n<span style=\"font-size: 12pt;\"><strong><span style=\"font-family: arial, helvetica, sans-serif;\">Anne T\u00f8rslev<\/span><\/strong><\/span><br \/>\n<span style=\"font-size: 12pt;\"><strong><span style=\"font-family: arial, helvetica, sans-serif;\">Mobil 28 95 01 97<\/span><\/strong><\/span><\/p>\n<p><span style=\"font-size: 12pt;\"><strong><span style=\"font-family: arial, helvetica, sans-serif;\">Kasserer:<\/span><\/strong><\/span><br \/>\n<span style=\"font-size: 12pt;\"><strong><span style=\"font-family: arial, helvetica, sans-serif;\">Sonja Birkeb\u00e6k<\/span><\/strong><\/span><br \/>\n<span style=\"font-size: 12pt;\"><strong><span style=\"font-family: arial, helvetica, sans-serif;\">Mobil 29 82 18 49<\/span><\/strong><\/span><\/p>\n<p><span style=\"font-size: 12pt;\"><strong><span style=\"font-family: arial, helvetica, sans-serif;\">Bestyrelsesmedlem:<\/span><\/strong><\/span><br \/>\n<span style=\"font-size: 12pt;\"><strong><span style=\"font-family: arial, helvetica, sans-serif;\">Merete Tolsg\u00e5rd<\/span><\/strong><\/span><br \/>\n<span style=\"font-size: 12pt;\"><strong><span style=\"font-family: arial, helvetica, sans-serif;\">Mobil 29 89 16 09<\/span><\/strong><\/span><\/p>\n<p><span style=\"font-size: 12pt;\"><strong><span style=\"font-family: arial, helvetica, sans-serif;\">Suppleant:<\/span><\/strong><\/span><br \/>\n<span style=\"font-size: 12pt;\"><strong><span style=\"font-family: arial, helvetica, sans-serif;\">Else Boesen Christensen<\/span><\/strong><\/span><br \/>\n<span style=\"font-size: 12pt;\"><strong><span style=\"font-family: arial, helvetica, sans-serif;\">Mobil 28 55 42 83<\/span><\/strong><\/span><\/p>\n<\/div>\n<\/div><\/div><\/div><\/div><div id=\"pg-207-2\"  class=\"panel-grid panel-no-style\" ><div id=\"pgc-207-2-0\"  class=\"panel-grid-cell\" ><div id=\"panel-207-2-0-0\" class=\"so-panel widget widget_sow-editor panel-first-child panel-last-child\" data-index=\"4\" ><div\n\t\t\t\n\t\t\tclass=\"so-widget-sow-editor so-widget-sow-editor-base\"\n\t\t\t\n\t\t>\n<div class=\"siteorigin-widget-tinymce textwidget\">\n\t<p><span style=\"font-size: 14pt;\"><strong><a href=\"https:\/\/www.kajlykkegolfklub.dk\/\"><span style=\"font-family: arial, helvetica, sans-serif;\">Kaj Lykke Golfklubs hjemmeside<\/span><\/a><\/strong><\/span><\/p>\n<p><span style=\"font-size: 14pt;\"><a href=\"https:\/\/www.facebook.com\/kajlykkegolfklub\"><strong><span style=\"font-family: arial, helvetica, sans-serif;\">Kaj Lykke Golfklubs facebookside<\/span><\/strong><\/a><\/span><\/p>\n<\/div>\n<\/div><\/div><\/div><div id=\"pgc-207-2-1\"  class=\"panel-grid-cell\" ><div id=\"panel-207-2-1-0\" class=\"so-panel widget widget_sow-editor panel-first-child panel-last-child\" data-index=\"5\" ><div\n\t\t\t\n\t\t\tclass=\"so-widget-sow-editor so-widget-sow-editor-base\"\n\t\t\t\n\t\t>\n<div class=\"siteorigin-widget-tinymce textwidget\">\n\t<p style=\"text-align: center;\"><strong style=\"font-family: arial, helvetica, sans-serif; font-size: 14pt;\">\u00a0<\/strong><\/p>\n<\/div>\n<\/div><\/div><\/div><div id=\"pgc-207-2-2\"  class=\"panel-grid-cell\" ><div id=\"panel-207-2-2-0\" class=\"so-panel widget widget_sow-editor panel-first-child panel-last-child\" data-index=\"6\" ><div\n\t\t\t\n\t\t\tclass=\"so-widget-sow-editor so-widget-sow-editor-base\"\n\t\t\t\n\t\t>\n<div class=\"siteorigin-widget-tinymce textwidget\">\n\t<p><a href=\"https:\/\/restaurantholeinone.com\/\"><strong><span style=\"font-family: arial, helvetica, sans-serif;\"><span style=\"font-size: 14pt;\">Restaurant Hole in One's hjemmeside<\/span><\/span><\/strong><\/a><\/p>\n<p><span style=\"font-size: 14pt;\"><a href=\"https:\/\/www.facebook.com\/restaurantholeinone\"><strong><span style=\"font-family: arial, helvetica, sans-serif;\">Hole in One's facebookside<\/span><\/strong><\/a><\/span><\/p>\n<\/div>\n<\/div><\/div><\/div><\/div><\/div>","protected":false},"excerpt":{"rendered":"<p>Golf er sporten, som kombinerer sportslige\u00a0udfordringer, naturoplevelser, motion, socialt samv\u00e6r og nye gode venner. Hvem er vi? 1\/2 to pigerne er en flok golfglade piger, som hver tirsdag \u00e5ret igennem spiller en golfrunde med efterf\u00f8lgende hyggeligt samv\u00e6r. I sommertiden er starttidspunktet 13.30 med m\u00f8detid 13.15. I vintertiden er m\u00f8detiden 15 min. f\u00f8r det starttidspunkt i [&hellip;]<\/p>\n","protected":false},"author":1,"featured_media":0,"parent":0,"menu_order":0,"comment_status":"closed","ping_status":"closed","template":"home-panels.php","meta":{"footnotes":""},"class_list":["post-207","page","type-page","status-publish","hentry","post"],"_links":{"self":[{"href":"https:\/\/halvto.dk\/index.php\/wp-json\/wp\/v2\/pages\/207","targetHints":{"allow":["GET"]}}],"collection":[{"href":"https:\/\/halvto.dk\/index.php\/wp-json\/wp\/v2\/pages"}],"about":[{"href":"https:\/\/halvto.dk\/index.php\/wp-json\/wp\/v2\/types\/page"}],"author":[{"embeddable":true,"href":"https:\/\/halvto.dk\/index.php\/wp-json\/wp\/v2\/users\/1"}],"replies":[{"embeddable":true,"href":"https:\/\/halvto.dk\/index.php\/wp-json\/wp\/v2\/comments?post=207"}],"version-history":[{"count":6,"href":"https:\/\/halvto.dk\/index.php\/wp-json\/wp\/v2\/pages\/207\/revisions"}],"predecessor-version":[{"id":1743,"href":"https:\/\/halvto.dk\/index.php\/wp-json\/wp\/v2\/pages\/207\/revisions\/1743"}],"wp:attachment":[{"href":"https:\/\/halvto.dk\/index.php\/wp-json\/wp\/v2\/media?parent=207"}],"curies":[{"name":"wp","href":"https:\/\/api.w.org\/{rel}","templated":true}]}}